{"id":139,"date":"2026-01-10T12:36:34","date_gmt":"2026-01-10T11:36:34","guid":{"rendered":"http:\/\/okweddingstory.pl\/?page_id=139"},"modified":"2026-01-10T12:43:22","modified_gmt":"2026-01-10T11:43:22","slug":"kliknij-jesli-jestes-swiadkowa","status":"publish","type":"page","link":"http:\/\/okweddingstory.pl\/?page_id=139","title":{"rendered":"Kliknij je\u015bli jeste\u015b \u015bwiadkow\u0105"},"content":{"rendered":"","protected":true},"excerpt":{"rendered":"","protected":true},"author":1,"featured_media":0,"parent":0,"menu_order":0,"comment_status":"closed","ping_status":"closed","template":"","meta":{"saved_in_kubio":true,"footnotes":""},"class_list":["post-139","page","type-page","status-publish","post-password-required","hentry"],"kubio_ai_page_context":{"short_desc":"","purpose":"general"},"_links":{"self":[{"href":"http:\/\/okweddingstory.pl\/index.php?rest_route=\/wp\/v2\/pages\/139","targetHints":{"allow":["GET"]}}],"collection":[{"href":"http:\/\/okweddingstory.pl\/index.php?rest_route=\/wp\/v2\/pages"}],"about":[{"href":"http:\/\/okweddingstory.pl\/index.php?rest_route=\/wp\/v2\/types\/page"}],"author":[{"embeddable":true,"href":"http:\/\/okweddingstory.pl\/index.php?rest_route=\/wp\/v2\/users\/1"}],"replies":[{"embeddable":true,"href":"http:\/\/okweddingstory.pl\/index.php?rest_route=%2Fwp%2Fv2%2Fcomments&post=139"}],"version-history":[{"count":1,"href":"http:\/\/okweddingstory.pl\/index.php?rest_route=\/wp\/v2\/pages\/139\/revisions"}],"predecessor-version":[{"id":141,"href":"http:\/\/okweddingstory.pl\/index.php?rest_route=\/wp\/v2\/pages\/139\/revisions\/141"}],"wp:attachment":[{"href":"http:\/\/okweddingstory.pl\/index.php?rest_route=%2Fwp%2Fv2%2Fmedia&parent=139"}],"curies":[{"name":"wp","href":"https:\/\/api.w.org\/{rel}","templated":true}]}}